{"id":567,"date":"2008-05-29T04:08:48","date_gmt":"2008-05-29T02:08:48","guid":{"rendered":"http:\/\/www.design-sensation.almaweb.es\/?page_id=28"},"modified":"2008-05-29T04:08:48","modified_gmt":"2008-05-29T02:08:48","slug":"layouts","status":"publish","type":"page","link":"https:\/\/alma.yweb.es\/ds-alma\/layouts\/","title":{"rendered":"Layouts"},"content":{"rendered":"<div id=\"fb-root\"><\/div>\n<p align=\"center\"><strong>NORMAS PARA EL CORRECTO USO DE MIS LAYOUTS<\/strong>:<\/p>\n<p align=\"left\"><span class=\"Estilo81\"><strong><strong>Todos mis dise\u00f1os, son completamente gratuitos, <\/strong><\/strong><\/span><strong><strong>y exclusivamente para tu uso personal, no deberas modificar absolutamente NADA del contenido, ni quitar mi copyright,situado en la parte de abajo de todos los Layouts,tampoco los enlaces que hay en ellos hacia mi pagina, a cambio puedes usarlo libremente donde tu quieras,<\/strong> a excepci\u00f3n de sitios pornograficos, racistas, ni religiosos, ni cualquiera, cuyo contenido pueda resultar ofensivo, sea del tema que sea, tampoco puedes utilizarlos con fines comerciales, si tienes alguna duda, ponte en contacto conmigo.<\/strong><\/p>\n<p class=\"Estilo82\" align=\"center\"><strong><img style=\"border: 0px\" src=\"https:\/\/i0.wp.com\/www.design-sensation.almaweb.es\/Img\/mail.png?w=1200\" alt=\"\" align=\"absBottom\" data-recalc-dims=\"1\" \/><\/strong><\/p>\n<p class=\"Estilo82\" align=\"center\"><strong>Si alguna imagen aqui utilizada, tiene derecho de autor, por favor hazmelo saber, mediante un correo electronico y la retirar\u00e9 de inmediato o en su caso pondr\u00e9 los cr\u00e9ditos que les correspondan <\/strong><\/p>\n<p class=\"Estilo82\" align=\"center\"><span class=\"Estilo81 Estilo13\"><strong><em>Alma<\/em><\/strong><\/span><\/p>\n<table border=\"2\" cellspacing=\"5\" width=\"289\" align=\"center\" bgcolor=\"#d3a6a0\">\n<tbody>\n<tr>\n<td class=\"Estilo83\" height=\"55\">\n<p align=\"center\"><strong><a href=\"http:\/\/www.design-sensation.almaweb.es\/layouts\/descarga-de-layouts\">Si has comprendido los terminos de uso,<\/a><\/strong><\/p>\n<p align=\"center\"><strong><a href=\"http:\/\/www.design-sensation.almaweb.es\/layouts\/descarga-de-layouts\">ENTRA<\/a><\/strong><strong><\/strong><\/p>\n<\/td>\n<\/tr>\n<\/tbody>\n<\/table>\n<p><!--Fin Estadisticas google--><\/p>\n","protected":false},"excerpt":{"rendered":"<p>NORMAS PARA EL CORRECTO USO DE MIS LAYOUTS: Todos mis dise\u00f1os, son completamente gratuitos, y exclusivamente para tu uso personal, no deberas modificar absolutamente NADA del contenido, ni quitar mi copyright,situado en la parte de abajo de todos los Layouts,tampoco los enlaces que hay en <a class=\"read-more-link\" href=\"https:\/\/alma.yweb.es\/ds-alma\/layouts\/\">    (Leer m\u00e1s)<\/a><\/p>\n","protected":false},"author":1,"featured_media":0,"parent":0,"menu_order":0,"comment_status":"open","ping_status":"open","template":"","meta":{"spay_email":""},"jetpack_shortlink":"https:\/\/wp.me\/P7hUbM-99","jetpack-related-posts":[{"id":569,"url":"https:\/\/alma.yweb.es\/ds-alma\/layouts\/descarga-de-layouts\/","url_meta":{"origin":567,"position":0},"title":"Descarga de layouts","date":"mayo 29, 2008","format":false,"excerpt":"Por motivos obvios, estos archivos vienen comprimidos en winrar, puedes descomprimirlos con culquier programa destinado a ello, si no tienes ning\u00fan programa, puedes descargarlo el winrar desde aqu\u00ed: Para cualquier duda o consulta ponte en contacto conmigo: La contrase\u00f1a de los Layouts es: Layout by Alma (Esta contrase\u00f1a se ir\u00e1\u2026","rel":"","context":"Con 1 comentario","img":{"alt_text":"","src":"","width":0,"height":0},"classes":[]},{"id":570,"url":"https:\/\/alma.yweb.es\/ds-alma\/dreamweaver\/","url_meta":{"origin":567,"position":1},"title":"Curso completo de Dreamweaver","date":"mayo 29, 2008","format":false,"excerpt":"\u00a0 B\u00c1SICOS \u00a0 MEDIOS \u00a0 AVANZADOS EXTRAS B\u00e1sicos 01 - CONFIGURANDO PREFERENCIAS 02 - ESPACIO DE TRABAJO 03.- ALOJAMIENTO WEB 04 - CONFIGURANDO SITIOS 05 - MI PRIMERA P\u00c1GINA WEB 06 - SUBIR ARCHIVOS A MI SERVIDOR 07 - TEXTO 08 - ENLACES 09 - INSERTAR IMAGENES 10 - RoollOver\u2026","rel":"","context":"Entrada similar","img":{"alt_text":"","src":"","width":0,"height":0},"classes":[]},{"id":574,"url":"https:\/\/alma.yweb.es\/ds-alma\/flash\/","url_meta":{"origin":567,"position":2},"title":"Curso de flash","date":"mayo 29, 2008","format":false,"excerpt":"\u00a0 Guia de tutoriales: (de momento estos tutoriales solo est\u00e1n disponibles en nuestro foro) 01.- Espacio de trabajo. 02.- Herramientas de Dibujo y Pintura 03.- Dibujando c\u00edrculos 04.- Herramienta de Selecci\u00f3n y Subselecci\u00f3n (Teorico) 05.- Pr\u00e1ctica: Redibujar una imagen 06.- Copiar imagen 07.- Vectorizar una imagen con flash (a\u00fan estoy\u2026","rel":"","context":"Con 1 comentario","img":{"alt_text":"","src":"","width":0,"height":0},"classes":[]},{"id":92,"url":"https:\/\/alma.yweb.es\/ds-alma\/curso-photoshop\/marca-de-agua\/","url_meta":{"origin":567,"position":3},"title":"MARCA DE AGUA","date":"junio 28, 2008","format":false,"excerpt":"Vamos a crear una marca de agua (sello), para que puedas marcar tus dise\u00f1os con tu sello propio, es muy sencillo. Abrimos un nuevo documento transparente, puedes elegir el tama\u00f1o que prefieras, yo use 200 x 200 pix. En la barra de herramientas, seleccionamos forma personalizada y elegimos una forma\u2026","rel":"","context":"Entrada similar","img":{"alt_text":"","src":"","width":0,"height":0},"classes":[]},{"id":109,"url":"https:\/\/alma.yweb.es\/ds-alma\/news\/","url_meta":{"origin":567,"position":4},"title":"Bienvenidos a Design Sensation.","date":"diciembre 13, 2008","format":false,"excerpt":"Bienvenidos a Design Sensation. Navega por el men\u00fa, y disfruta de los tutoriales, tips de ayuda, descargas, y todo lo que Design Sensation te ofrece. Unete a nuestro foro, seguro que aprendes mucho y lo mejor de todo, har\u00e1s grandes amigos. Por favor, no dejes tus dudas en el TagBoard\u2026","rel":"","context":"Entrada similar","img":{"alt_text":"","src":"","width":0,"height":0},"classes":[]}],"_links":{"self":[{"href":"https:\/\/alma.yweb.es\/ds-alma\/wp-json\/wp\/v2\/pages\/567"}],"collection":[{"href":"https:\/\/alma.yweb.es\/ds-alma\/wp-json\/wp\/v2\/pages"}],"about":[{"href":"https:\/\/alma.yweb.es\/ds-alma\/wp-json\/wp\/v2\/types\/page"}],"author":[{"embeddable":true,"href":"https:\/\/alma.yweb.es\/ds-alma\/wp-json\/wp\/v2\/users\/1"}],"replies":[{"embeddable":true,"href":"https:\/\/alma.yweb.es\/ds-alma\/wp-json\/wp\/v2\/comments?post=567"}],"version-history":[{"count":0,"href":"https:\/\/alma.yweb.es\/ds-alma\/wp-json\/wp\/v2\/pages\/567\/revisions"}],"wp:attachment":[{"href":"https:\/\/alma.yweb.es\/ds-alma\/wp-json\/wp\/v2\/media?parent=567"}],"curies":[{"name":"wp","href":"https:\/\/api.w.org\/{rel}","templated":true}]}}