{"id":109,"date":"2008-12-13T23:26:27","date_gmt":"2008-12-13T21:26:27","guid":{"rendered":"http:\/\/www.design-sensation.almaweb.es\/?page_id=109"},"modified":"2021-03-12T11:13:14","modified_gmt":"2021-03-12T11:13:14","slug":"news","status":"publish","type":"page","link":"https:\/\/alma.yweb.es\/ds-alma\/news\/","title":{"rendered":"Bienvenidos a Design Sensation."},"content":{"rendered":"<div id=\"fb-root\"><\/div>\n<p style=\"text-align: center;\">\n<h3 style=\"text-align: center;\">Bienvenidos a Design Sensation.<\/h3>\n<p style=\"text-align: center;\">Navega por el men\u00fa, y disfruta de los tutoriales, tips de ayuda, descargas, y todo lo que Design Sensation te ofrece.<\/p>\n<p style=\"text-align: center;\">Unete a <a href=\"http:\/\/www.design-sensation.es\" target=\"_blank\" rel=\"noopener\">nuestro foro<\/a>, seguro que aprendes mucho y lo mejor de todo, har\u00e1s grandes amigos.<\/p>\n<p style=\"text-align: center;\">\n<p style=\"text-align: center;\">Por favor, no dejes tus dudas en el TagBoard ni en los comentarios, solo respondo a las dudas en el foro y de forma excepcional, en referencia solo a mis tutoriales, puedes rellenar el formulario, que se encuentra en la zona de contacto.<br \/>\nGracias<\/p>\n<p style=\"text-align: center;\">Tutoriales de photoshop y psp:<\/p>\n","protected":false},"excerpt":{"rendered":"<p>Bienvenidos a Design Sensation. Navega por el men\u00fa, y disfruta de los tutoriales, tips de ayuda, descargas, y todo lo que Design Sensation te ofrece. Unete a nuestro foro, seguro que aprendes mucho y lo mejor de todo, har\u00e1s grandes amigos. Por favor, no dejes <a class=\"read-more-link\" href=\"https:\/\/alma.yweb.es\/ds-alma\/news\/\">    (Leer m\u00e1s)<\/a><\/p>\n","protected":false},"author":1,"featured_media":0,"parent":0,"menu_order":0,"comment_status":"closed","ping_status":"closed","template":"","meta":{"spay_email":""},"jetpack_shortlink":"https:\/\/wp.me\/P7hUbM-1L","jetpack-related-posts":[{"id":572,"url":"https:\/\/alma.yweb.es\/ds-alma\/html\/","url_meta":{"origin":109,"position":0},"title":"Curso b\u00e1sico de html","date":"mayo 29, 2008","format":false,"excerpt":"Guia de tutoriales: (Te recomendamos realizar estos tutoriales en nuestro foro) 01 - Tags y atributos (Teorico) 02 - Mi primera p\u00e1gina web 03 - Hiperenlaces 04 - Imagenes 05 - Enlazar imagenes 06 - Alineaci\u00f3n de texto e imagenes 07 - Car\u00e1cteres especiales (acentos) (Teorico) 08 - Tablas 09\u2026","rel":"","context":"Con 1 comentario","img":{"alt_text":"","src":"","width":0,"height":0},"classes":[]},{"id":574,"url":"https:\/\/alma.yweb.es\/ds-alma\/flash\/","url_meta":{"origin":109,"position":1},"title":"Curso de flash","date":"mayo 29, 2008","format":false,"excerpt":"\u00a0 Guia de tutoriales: (de momento estos tutoriales solo est\u00e1n disponibles en nuestro foro) 01.- Espacio de trabajo. 02.- Herramientas de Dibujo y Pintura 03.- Dibujando c\u00edrculos 04.- Herramienta de Selecci\u00f3n y Subselecci\u00f3n (Teorico) 05.- Pr\u00e1ctica: Redibujar una imagen 06.- Copiar imagen 07.- Vectorizar una imagen con flash (a\u00fan estoy\u2026","rel":"","context":"Con 1 comentario","img":{"alt_text":"","src":"","width":0,"height":0},"classes":[]},{"id":559,"url":"https:\/\/alma.yweb.es\/ds-alma\/curso-photoshop\/","url_meta":{"origin":109,"position":2},"title":"Curso de Photoshop","date":"mayo 26, 2008","format":false,"excerpt":"B\u00c1SICOS M\u00c9DIOS AVANZADOS B\u00e1sicos VIDEO TUTO: PRINCIPIANTES I 1- LA VENTANA DE PHOTOSHOP 2- HERRAMIENTA SELECCI\u00d3N 3- HERRAMIENTAS MOVER Y RECORTE 4- GR\u00c1FICOS DEL RESTO DE HERRAMIENTAS 5- CONFIGURACI\u00d3N DEL MEN\u00da DE PREFERENCIAS 6- CAPTURA DE PANTALLA \u00a0 **TUTORIALES PR\u00c1CTICOS: 1- RECORTAR UNA IMAGEN 2- REDIMENSIONAR IMAGENES 3- COLOREANDO 4-\u2026","rel":"","context":"Entrada similar","img":{"alt_text":"","src":"","width":0,"height":0},"classes":[]},{"id":570,"url":"https:\/\/alma.yweb.es\/ds-alma\/dreamweaver\/","url_meta":{"origin":109,"position":3},"title":"Curso completo de Dreamweaver","date":"mayo 29, 2008","format":false,"excerpt":"\u00a0 B\u00c1SICOS \u00a0 MEDIOS \u00a0 AVANZADOS EXTRAS B\u00e1sicos 01 - CONFIGURANDO PREFERENCIAS 02 - ESPACIO DE TRABAJO 03.- ALOJAMIENTO WEB 04 - CONFIGURANDO SITIOS 05 - MI PRIMERA P\u00c1GINA WEB 06 - SUBIR ARCHIVOS A MI SERVIDOR 07 - TEXTO 08 - ENLACES 09 - INSERTAR IMAGENES 10 - RoollOver\u2026","rel":"","context":"Entrada similar","img":{"alt_text":"","src":"","width":0,"height":0},"classes":[]},{"id":29,"url":"https:\/\/alma.yweb.es\/ds-alma\/videotutoriales-photoshop\/","url_meta":{"origin":109,"position":4},"title":"Video tutoriales de photoshop","date":"mayo 29, 2008","format":false,"excerpt":"VIDEO TUTORIALES DE PHOTOSHOP: Restaurar fotgrafias (sin voz) Filtro desenfoque gaussiano Convertir imagen en un objeto imposible Usar filtro extraer Colorear una imagen en blanco y negro Como usar el tamp\u00f3n de clonar Collage Como Destacar Parte De Una Imagen Crear marcos Crear botones para web Crear imagenes abstractas Crear\u2026","rel":"","context":"Entrada similar","img":{"alt_text":"","src":"","width":0,"height":0},"classes":[]}],"_links":{"self":[{"href":"https:\/\/alma.yweb.es\/ds-alma\/wp-json\/wp\/v2\/pages\/109"}],"collection":[{"href":"https:\/\/alma.yweb.es\/ds-alma\/wp-json\/wp\/v2\/pages"}],"about":[{"href":"https:\/\/alma.yweb.es\/ds-alma\/wp-json\/wp\/v2\/types\/page"}],"author":[{"embeddable":true,"href":"https:\/\/alma.yweb.es\/ds-alma\/wp-json\/wp\/v2\/users\/1"}],"replies":[{"embeddable":true,"href":"https:\/\/alma.yweb.es\/ds-alma\/wp-json\/wp\/v2\/comments?post=109"}],"version-history":[{"count":1,"href":"https:\/\/alma.yweb.es\/ds-alma\/wp-json\/wp\/v2\/pages\/109\/revisions"}],"predecessor-version":[{"id":1760,"href":"https:\/\/alma.yweb.es\/ds-alma\/wp-json\/wp\/v2\/pages\/109\/revisions\/1760"}],"wp:attachment":[{"href":"https:\/\/alma.yweb.es\/ds-alma\/wp-json\/wp\/v2\/media?parent=109"}],"curies":[{"name":"wp","href":"https:\/\/api.w.org\/{rel}","templated":true}]}}